{"id":14,"date":"2022-09-05T18:45:32","date_gmt":"2022-09-05T18:45:32","guid":{"rendered":"https:\/\/www.facilitace.space\/?page_id=14"},"modified":"2022-09-23T09:28:53","modified_gmt":"2022-09-23T09:28:53","slug":"o-nas","status":"publish","type":"page","link":"https:\/\/www.facilitace.space\/?page_id=14","title":{"rendered":"Pro\u010d facilitace"},"content":{"rendered":"\n<p>M\u011bla jsem a m\u00e1m v \u017eivot\u011b to \u0161t\u011bst\u00ed, \u017ee jako nez\u00e1visl\u00e1 lektorka, konzultantka a facilit\u00e1torka mohu nab\u00fdvat velmi r\u016fznorod\u00fdch zku\u0161enost\u00ed a se sv\u00fdmi klienty r\u016fst v\u0161emi sm\u011bry. N\u011bkdy je docela n\u00e1ro\u010dn\u00e9 takovou bezb\u0159ehost un\u00e9st. Mysl\u00edm v\u0161ak, \u017ee dnes mohu s \u010dist\u00fdm sv\u011bdom\u00edm nab\u00edzet facilitaci jako &#8211; dle m\u00e9ho n\u00e1zoru &#8211; nejlep\u0161\u00ed zp\u016fsob, jak uk\u00e1zat lidem, t\u00fdm\u016fm, organizac\u00edm, firm\u00e1m a komunit\u00e1m, \u017ee v\u0161echno, co pot\u0159ebuj\u00ed, u\u017e maj\u00ed. Jen je t\u0159eba to nal\u00e9zt, otev\u0159\u00edt tomu dve\u0159e, n\u011bco spojit, n\u011bco rozpojit, prost\u011b neb\u00e1t se TVO\u0158IT. <\/p>\n\n\n\n<p>Ano, facilitace je prov\u00e1zen\u00ed tv\u016fr\u010d\u00edm procesem. A to m\u011b na n\u00ed bav\u00ed. <\/p>\n\n\n\n<p>V\u011b\u0159\u00edm, \u017ee hled\u00e1n\u00ed cesty pomoc\u00ed facilitace bude bavit i v\u00e1s. <\/p>\n\n\n\n<p class=\"has-text-align-right\">Mgr. Jolana K\u0159\u00ed\u017ekovsk\u00e1<\/p>\n","protected":false},"excerpt":{"rendered":"<p>M\u011bla jsem a m\u00e1m v \u017eivot\u011b to \u0161t\u011bst\u00ed, \u017ee jako nez\u00e1visl\u00e1 lektorka, konzultantka a facilit\u00e1torka mohu nab\u00fdvat velmi r\u016fznorod\u00fdch zku\u0161enost\u00ed a se sv\u00fdmi klienty r\u016fst v\u0161emi sm\u011bry. N\u011bkdy je docela n\u00e1ro\u010dn\u00e9 takovou bezb\u0159ehost un\u00e9st. Mysl\u00edm v\u0161ak, \u017ee dnes mohu s \u010dist\u00fdm sv\u011bdom\u00edm nab\u00edzet facilitaci jako &#8211; dle m\u00e9ho n\u00e1zoru &#8211; nejlep\u0161\u00ed zp\u016fsob, jak uk\u00e1zat lidem,&hellip; <a class=\"more-link\" href=\"https:\/\/www.facilitace.space\/?page_id=14\">Pokra\u010dovat ve\u00a0\u010dten\u00ed <span class=\"screen-reader-text\">Pro\u010d facilitace<\/span><\/a><\/p>\n","protected":false},"author":1,"featured_media":77,"parent":0,"menu_order":0,"comment_status":"closed","ping_status":"closed","template":"","meta":{"footnotes":""},"class_list":["post-14","page","type-page","status-publish","has-post-thumbnail","hentry","entry"],"_links":{"self":[{"href":"https:\/\/www.facilitace.space\/index.php?rest_route=\/wp\/v2\/pages\/14","targetHints":{"allow":["GET"]}}],"collection":[{"href":"https:\/\/www.facilitace.space\/index.php?rest_route=\/wp\/v2\/pages"}],"about":[{"href":"https:\/\/www.facilitace.space\/index.php?rest_route=\/wp\/v2\/types\/page"}],"author":[{"embeddable":true,"href":"https:\/\/www.facilitace.space\/index.php?rest_route=\/wp\/v2\/users\/1"}],"replies":[{"embeddable":true,"href":"https:\/\/www.facilitace.space\/index.php?rest_route=%2Fwp%2Fv2%2Fcomments&post=14"}],"version-history":[{"count":5,"href":"https:\/\/www.facilitace.space\/index.php?rest_route=\/wp\/v2\/pages\/14\/revisions"}],"predecessor-version":[{"id":101,"href":"https:\/\/www.facilitace.space\/index.php?rest_route=\/wp\/v2\/pages\/14\/revisions\/101"}],"wp:featuredmedia":[{"embeddable":true,"href":"https:\/\/www.facilitace.space\/index.php?rest_route=\/wp\/v2\/media\/77"}],"wp:attachment":[{"href":"https:\/\/www.facilitace.space\/index.php?rest_route=%2Fwp%2Fv2%2Fmedia&parent=14"}],"curies":[{"name":"wp","href":"https:\/\/api.w.org\/{rel}","templated":true}]}}